{"id":2,"date":"2016-10-20T15:20:15","date_gmt":"2016-10-20T12:20:15","guid":{"rendered":"http:\/\/koroinen.fi\/filocafe\/?page_id=2"},"modified":"2022-10-07T08:22:20","modified_gmt":"2022-10-07T05:22:20","slug":"esimerkkisivu","status":"publish","type":"page","link":"https:\/\/koroinen.fi\/filocafe\/esimerkkisivu\/","title":{"rendered":"Mik\u00e4 FiloCafe on?"},"content":{"rendered":"<div class=\"wp-block-image size-medium wp-image-173\">\n<figure class=\"aligncenter size-large is-resized\"><img decoding=\"async\" src=\"https:\/\/koroinen.fi\/filocafe\/wp-content\/uploads\/2022\/10\/IMG_1734-1024x467.jpg\" alt=\"\" class=\"wp-image-1824\" width=\"1024\" srcset=\"https:\/\/koroinen.fi\/filocafe\/wp-content\/uploads\/2022\/10\/IMG_1734-1024x467.jpg 1024w, https:\/\/koroinen.fi\/filocafe\/wp-content\/uploads\/2022\/10\/IMG_1734-300x137.jpg 300w, https:\/\/koroinen.fi\/filocafe\/wp-content\/uploads\/2022\/10\/IMG_1734-768x351.jpg 768w, https:\/\/koroinen.fi\/filocafe\/wp-content\/uploads\/2022\/10\/IMG_1734-1536x701.jpg 1536w, https:\/\/koroinen.fi\/filocafe\/wp-content\/uploads\/2022\/10\/IMG_1734-2048x935.jpg 2048w\" sizes=\"(max-width: 1024px) 100vw, 1024px\" \/><figcaption>Ty\u00f6ryhm\u00e4n j\u00e4sen Matti Taneli ja filosofian professori Juha R\u00e4ikk\u00e4<\/figcaption><\/figure>\n<\/div>\n\n\n<p>FiloCafe on el\u00e4m\u00e4n perusasioita pohtiva keskustelufoorumi. Foorumin j\u00e4rjest\u00e4m\u00e4t FiloCafe -illat tarjoavat tilaisuuden kenelle tahansa kadulla kulkijalle ihmisest\u00e4 ja el\u00e4m\u00e4st\u00e4 kiinnostuneelle tulla mukaan kokemaan, kuuntelemaan, keskustelemaan ja hakemaan uusia ajatuksia kahvin\/teen nauttimisen lomassa<\/p>\n\n\n\n<p>FiloCafe -illat pidet\u00e4\u00e4n kev\u00e4t- ja syyskausina keskiviikkoisin kello 19.30 &#8211; 21 .00 Turun kaupunginteatterin kulttuuriravintola <a rel=\"noreferrer noopener\" href=\"http:\/\/www.viidesnayttamo.fi\/\" target=\"_blank\">Viidennell\u00e4 n\u00e4ytt\u00e4m\u00f6ll\u00e4<\/a>. Keskustelua johdattelevan alustuksen teema vaihtelee kunkin alustajan kiinnostuksen kohteesta riippuen.<\/p>\n\n\n\n<h3 class=\"wp-block-heading\">Toiminnan ydinajatukset<\/h3>\n\n\n\n<p>FiloCafen tarkoituksena on tarjota ruohonjuuritason keskustelufoorumin ihmisille, jotka ovat kiinnostuneet pohtimaan erilaisia asioita. Kiinnostus asioihin ja maailman ilmi\u00f6ihin on keskustelussa t\u00e4rke\u00e4mp\u00e4\u00e4 kuin filosofinen erityistiet\u00e4mys.<\/p>\n\n\n\n<p>Ajatuksena on edist\u00e4\u00e4 arkikielisen filosofian soveltamista ja hy\u00f6dynt\u00e4mist\u00e4 akateemisen maailman ulkopuolella Antiikin Kreikan ja erityisesti Sokrateen antamien keskustelumallien pohjalta.<\/p>\n\n\n\n<p>Toiminnassa uskotaan siihen, ett\u00e4 asioiden pohtiminen yleisell\u00e4 tasolla on merkityksellist\u00e4 ja hy\u00f6dyllist\u00e4 niin keskustelijoille itselleen kuin heid\u00e4n l\u00e4hiymp\u00e4rist\u00f6lleen.<\/p>\n\n\n\n<h3 class=\"wp-block-heading\">Toiminnan historiasta<\/h3>\n\n\n\n<p>Toiminnan perustajana pidet\u00e4\u00e4n ranskalaista kirjailijaa ja filosofia Marc Sautet`a (1947 \u2013 1998). H\u00e4n oli tarjonnut vuosina 1990 \u2013 1991 maksullista filosofista konsultointia liikemiehille. Ajatus ei kuitenkaan saavuttanut erityist\u00e4 menestyst\u00e4.<\/p>\n\n\n\n<p>Siit\u00e4 Sautet`lle her\u00e4si kuitenkin ajatus tarjota tila ja muut tarvittavat puitteet kenelle tahansa kokoontua pohtimaan filosofisluonteisia kysymyksi\u00e4 kahvilamilj\u00f6\u00f6ss\u00e4. Ensimm\u00e4inen keskustelutilaisuus pidettiin Pariisissa 13.12.1992. Kun Sautet kuoli 1998, FiloCafeita oli toiminnassa jo 150 eri puolilla maailmaa.<\/p>\n\n\n\n<p>Suomessa perustettiin ensimm\u00e4inen FiloCafe Helsinkiin kev\u00e4\u00e4ll\u00e4 2000. Toiminnan aloittamisen taustalla oli erityisesti Sebastian Slotte. H\u00e4nen kauttaan toimintaan liittyi my\u00f6s Kriittinen korkeakoulu ja sen opetusohjelmaan kuuluva Filosofinen praktiikka ja sit\u00e4 edist\u00e4v\u00e4 yhdistys ja verkosto sek\u00e4 vastaava ruotsinkielinen yhdistys Interbaas rf.<\/p>\n\n\n\n<h3 class=\"wp-block-heading\">Toiminta Turussa<\/h3>\n\n\n\n<p>Turussa toiminta alkoi filosofien FT Sari Mattilan ja FM Heikki Vuorilan aloitteesta vuoden 2013 alusta. Molemmat ovat toiminnassaan keskittyneet filosofian lis\u00e4ksi organisaation toiminnan kehitt\u00e4misiin liittyviin kysymyksiin. Heikki Vuorilalla on lis\u00e4ksi vankka filosofiseen praktiikkaan liittyv\u00e4 tausta. H\u00e4n oli ollut aloituksen j\u00e4lkeen vetovastuussa toiminnasta. Nykyisin toiminnasta huolehtii viisij\u00e4seninen ty\u00f6ryhm\u00e4, johon kuuluvat Vuorilan lis\u00e4ksi FM Kaisa Pakkala, KT Matti Taneli, FM Marita Airakorpi ja OTL Timo Leinonen.<\/p>\n\n\n\n<p>Keskustelutilaisuuksia Turussa on ollut perustamisesta l\u00e4htien kahdesta viiteen niin kev\u00e4t kuin syyskaudella. Keskustelujen teemat ovat vaihdelleet alustajien kiinnostuksesta riippuen. Runouden perusasiat ovat olleet korostuneesti esill\u00e4. Samalla Kotiseutuyhdistys <a href=\"http:\/\/www.koroinen.fi\/artikkelit\/kotiseutuyhdistys\/\" target=\"_blank\" rel=\"noreferrer noopener\">Halinen-R\u00e4nt\u00e4m\u00e4ki ry<\/a>:n yll\u00e4pit\u00e4m\u00e4n nettisivuston<a href=\"http:\/\/www.koroinen.fi\/filocafe\/\" target=\"_blank\" rel=\"noreferrer noopener\"> koroinen.fi<\/a> merkitys toiminnan tukena on kasvanut. <\/p>\n\n\n\n<p>Timo Leinonen<\/p>\n","protected":false},"excerpt":{"rendered":"<p>FiloCafe on el\u00e4m\u00e4n perusasioita pohtiva keskustelufoorumi. Foorumin j\u00e4rjest\u00e4m\u00e4t FiloCafe -illat tarjoavat tilaisuuden kenelle tahansa kadulla kulkijalle ihmisest\u00e4 ja el\u00e4m\u00e4st\u00e4 kiinnostuneelle tulla mukaan kokemaan, kuuntelemaan, keskustelemaan ja hakemaan uusia ajatuksia kahvin\/teen nauttimisen lomassa FiloCafe -illat pidet\u00e4\u00e4n kev\u00e4t- ja syyskausina keskiviikkoisin kello 19.30 &#8211; 21 .00 Turun kaupunginteatterin kulttuuriravintola Viidennell\u00e4 n\u00e4ytt\u00e4m\u00f6ll\u00e4. Keskustelua johdattelevan alustuksen teema vaihtelee kunkin &#8230; <a title=\"Mik\u00e4 FiloCafe on?\" class=\"read-more\" href=\"https:\/\/koroinen.fi\/filocafe\/esimerkkisivu\/\" aria-label=\"Lue lis\u00e4\u00e4 aiheesta Mik\u00e4 FiloCafe on?\">Lue lis\u00e4\u00e4<\/a><\/p>\n","protected":false},"author":1,"featured_media":4,"parent":0,"menu_order":0,"comment_status":"closed","ping_status":"open","template":"","meta":{"footnotes":""},"class_list":["post-2","page","type-page","status-publish","has-post-thumbnail"],"_links":{"self":[{"href":"https:\/\/koroinen.fi\/filocafe\/wp-json\/wp\/v2\/pages\/2","targetHints":{"allow":["GET"]}}],"collection":[{"href":"https:\/\/koroinen.fi\/filocafe\/wp-json\/wp\/v2\/pages"}],"about":[{"href":"https:\/\/koroinen.fi\/filocafe\/wp-json\/wp\/v2\/types\/page"}],"author":[{"embeddable":true,"href":"https:\/\/koroinen.fi\/filocafe\/wp-json\/wp\/v2\/users\/1"}],"replies":[{"embeddable":true,"href":"https:\/\/koroinen.fi\/filocafe\/wp-json\/wp\/v2\/comments?post=2"}],"version-history":[{"count":25,"href":"https:\/\/koroinen.fi\/filocafe\/wp-json\/wp\/v2\/pages\/2\/revisions"}],"predecessor-version":[{"id":2841,"href":"https:\/\/koroinen.fi\/filocafe\/wp-json\/wp\/v2\/pages\/2\/revisions\/2841"}],"wp:featuredmedia":[{"embeddable":true,"href":"https:\/\/koroinen.fi\/filocafe\/wp-json\/wp\/v2\/media\/4"}],"wp:attachment":[{"href":"https:\/\/koroinen.fi\/filocafe\/wp-json\/wp\/v2\/media?parent=2"}],"curies":[{"name":"wp","href":"https:\/\/api.w.org\/{rel}","templated":true}]}}